{"id":326,"date":"2012-10-08T00:28:27","date_gmt":"2012-10-07T22:28:27","guid":{"rendered":"http:\/\/etiudaandanima.com\/\/?page_id=326"},"modified":"2026-02-03T12:41:09","modified_gmt":"2026-02-03T10:41:09","slug":"contact","status":"publish","type":"page","link":"https:\/\/etiudaandanima.pl\/en\/contact\/","title":{"rendered":"Contact"},"content":{"rendered":"\n<p><strong>International Film Festival Etiuda&amp;Anima<\/strong><br>ul. Miko\u0142aja Kopernika 19<br>31-501 Krak\u00f3w<br>Poland<br>mob.: + 48 507 062 615<br>e-mail: <a href=\"mailto:biuro@etiudaandanima.pl\"><span style=\"text-decoration: underline;\">biuro@etiudaandanima.pl<\/span><\/a><br><\/p>\n\n\n\n<p><br><\/p>\n\n\n\n<p><\/p>\n\n\n\n<p><strong>Festival Director<\/strong><br>Katarzyna Surmacz<br>mob.: +48 507 062 615<br>email: <a href=\"mailto:biuro@etiudaandanima.pl\"><span style=\"text-decoration: underline;\">biuro@etiudaandanima.pl<\/span><\/a><\/p>\n\n\n\n<p><\/p>\n\n\n\n<p><br><\/p>\n\n\n\n<p><strong>Artistic Director of the Festival<\/strong><br>Bogus\u0142aw Zmudzi\u0144ski<br>email: <span style=\"text-decoration: underline;\"><a href=\"mailto:biuro@etiudaandanima.pl\">biuro@etiudaandanima.pl<\/a><\/span><\/p>\n\n\n\n<p><br><\/p>\n\n\n\n<p><\/p>\n\n\n\n<p><strong>Organizational and Program Office, Anima and Anima.PL Competition<\/strong><br>Agnieszka Zaj\u0105c<br>mob. +48 603 662 275<br>email: <a href=\"mailto:agnieszka.zajac@etiudaandanima.pl\"><span style=\"text-decoration: underline;\">agnieszka.zajac@etiudaandanima.pl<\/span><\/a><\/p>\n\n\n\n<p><br><\/p>\n\n\n\n<p><\/p>\n\n\n\n<p><strong>PR Manager<\/strong><br>Mateusz Solarz<br>mob.: 694 822 483<br>email:&nbsp;<span style=\"text-decoration: underline;\"><a rel=\"noreferrer noopener\" href=\"mailto:mateusz.solarz@etiudaandanima.pl\" target=\"_blank\">mateusz.solarz@etiudaandanima.pl<\/a><\/span><\/p>\n\n\n\n<p><br><\/p>\n\n\n\n<p><\/p>\n\n\n\n<p><strong>Department of Visitors, Etiuda Competition<\/strong><br>Konrad G\u0142\u0105bek<br>mob.: 577 868 295<br>email: <a href=\"mailto:konrad.glabek@etiudaandanima.pl\"><span style=\"text-decoration: underline;\">konrad.glabek@etiudaandanima.pl<\/span><\/a><\/p>\n\n\n\n<p><br><\/p>\n\n\n\n<p><\/p>\n\n\n\n<p><strong>DKF Rotunda, Krakow Summer Animation Days<\/strong><br>Marta Chwa\u0142ek<br>mob. +48 537 611 464<br>email: <a href=\"mailto:marta.chwalek@etiudaandanima.pl\"><span style=\"text-decoration: underline;\">marta.chwalek@etiudaandanima.pl<\/span><\/a><br><\/p>\n\n\n\n<p><\/p>\n\n\n\n<p><br><\/p>\n\n\n\n<p><\/p>\n\n\n\n<p><\/p>\n\n\n\n<p>The Map:<\/p>\n\n\n\n<div style=\"width:100%\"><iframe src=\"https:\/\/www.google.com\/maps\/embed?pb=!1m18!1m12!1m3!1d730.9794693989755!2d19.95088887877228!3d50.06266499404217!2m3!1f0!2f0!3f0!3m2!1i1024!2i768!4f13.1!3m3!1m2!1s0x47165b17af6a1749%3A0x5d111c698ac9ebac!2sMiko%C5%82aja%20Kopernika%2019%2C%2031-529%20Krak%C3%B3w!5e1!3m2!1spl!2spl!4v1768932249211!5m2!1spl!2spl\" width=\"100%\" height=\"450\" style=\"border:0;\" allowfullscreen=\"\" loading=\"lazy\" referrerpolicy=\"no-referrer-when-downgrade\"><\/iframe><\/div>\n\n\n\n<p><\/p>\n\n\n\n<p><\/p>\n","protected":false},"excerpt":{"rendered":"<p>International Film Festival Etiuda&amp;Animaul. Miko\u0142aja Kopernika 1931-501 Krak\u00f3wPolandmob.: + 48 507 062 615e-mail: biuro@etiudaandanima.pl Festival DirectorKatarzyna Surmaczmob.: +48 507 062 615email: biuro@etiudaandanima.pl Artistic Director of the FestivalBogus\u0142aw Zmudzi\u0144skiemail: biuro@etiudaandanima.pl Organizational and Program Office, Anima and Anima.PL CompetitionAgnieszka Zaj\u0105cmob. +48 603 662 275email: agnieszka.zajac@etiudaandanima.pl PR ManagerMateusz Solarzmob.: 694 822 483email:&nbsp;mateusz.solarz@etiudaandanima.pl Department of Visitors, Etiuda CompetitionKonrad G\u0142\u0105bekmob.: [&hellip;]<\/p>\n","protected":false},"author":14,"featured_media":0,"parent":0,"menu_order":0,"comment_status":"open","ping_status":"open","template":"","meta":{"_acf_changed":false,"footnotes":""},"class_list":["post-326","page","type-page","status-publish","hentry"],"acf":[],"_links":{"self":[{"href":"https:\/\/etiudaandanima.pl\/en\/wp-json\/wp\/v2\/pages\/326","targetHints":{"allow":["GET"]}}],"collection":[{"href":"https:\/\/etiudaandanima.pl\/en\/wp-json\/wp\/v2\/pages"}],"about":[{"href":"https:\/\/etiudaandanima.pl\/en\/wp-json\/wp\/v2\/types\/page"}],"author":[{"embeddable":true,"href":"https:\/\/etiudaandanima.pl\/en\/wp-json\/wp\/v2\/users\/14"}],"replies":[{"embeddable":true,"href":"https:\/\/etiudaandanima.pl\/en\/wp-json\/wp\/v2\/comments?post=326"}],"version-history":[{"count":16,"href":"https:\/\/etiudaandanima.pl\/en\/wp-json\/wp\/v2\/pages\/326\/revisions"}],"predecessor-version":[{"id":30655,"href":"https:\/\/etiudaandanima.pl\/en\/wp-json\/wp\/v2\/pages\/326\/revisions\/30655"}],"wp:attachment":[{"href":"https:\/\/etiudaandanima.pl\/en\/wp-json\/wp\/v2\/media?parent=326"}],"curies":[{"name":"wp","href":"https:\/\/api.w.org\/{rel}","templated":true}]}}