{"id":1784,"date":"2012-10-29T18:49:26","date_gmt":"2012-10-29T16:49:26","guid":{"rendered":"http:\/\/etiudaandanima.com\/?page_id=1784"},"modified":"2025-10-11T08:41:26","modified_gmt":"2025-10-11T06:41:26","slug":"partners","status":"publish","type":"page","link":"https:\/\/etiudaandanima.pl\/en\/32-international-film-festival-etiudaanima-14-19-x-2025\/partners\/","title":{"rendered":"Partners"},"content":{"rendered":"\n<p>&nbsp;<\/p>\n<p style=\"text-align: center;\"><b>CO-FUNDED FROM THE FUNDS<\/b><br>Minister of Culture and National Heritage from the Culture Promotion Fund<\/p>\n<p style=\"text-align: center;\"><a style=\"padding: 10px;\" href=\"https:\/\/www.gov.pl\/web\/kultura\"><img decoding=\"async\" class=\"alignnone wp-image-9622\" style=\"padding: 10px 0px;\" src=\"https:\/\/etiudaandanima.pl\/wp-content\/uploads\/2022\/11\/Ministerstwo_Kultury_i_Dziedzictwa_Narodowego_logo_2022.jpg\" alt=\"Ministerstwo Kultury i Dziedzictwa Narodowego\" width=\"220\"><\/a><a style=\"padding: 10px;\" href=\"https:\/\/www.fina.gov.pl\/\"><img decoding=\"async\" class=\"alignnone wp-image-9622\" style=\"padding: 10px 0px;\" src=\"https:\/\/etiudaandanima.pl\/wp-content\/uploads\/2025\/09\/Filmoteka_narodowa_Instytut_audiowizualny.jpg\" alt=\"Filmoteka Narodowa \u2013 Instytut Audiowizualny\" width=\"220\"><\/a>\n<\/p>\n<p>&nbsp;<\/p>\n<p style=\"text-align: center;\"><b>PROJECT REALIZED WITH THE FINANCIAL SUPPORT OF THE<\/b><br>The City of Krakow, the Polish Film Institute, the Polish Filmmakers Association<\/p>\n<p style=\"text-align: center;\"><a style=\"padding: 10px;\" href=\"http:\/\/www.krakow.pl\/\"><img decoding=\"async\" class=\"alignnone size-full wp-image-14656\" src=\"http:\/\/etiudaandanima.pl\/wp-content\/uploads\/2018\/11\/miasto_krak\u00f3w.jpg\" alt=\"Krak\u00f3w\" width=\"200\" srcset=\"https:\/\/etiudaandanima.pl\/wp-content\/uploads\/2018\/11\/miasto_krak\u00f3w.jpg 230w, https:\/\/etiudaandanima.pl\/wp-content\/uploads\/2018\/11\/miasto_krak\u00f3w-150x62.jpg 150w\" sizes=\"(max-width: 230px) 100vw, 230px\" \/><\/a><a style=\"padding: 10px;\" href=\"http:\/\/www.pisf.pl\/\"><img decoding=\"async\" class=\"alignnone wp-image-9622\"  src=\"http:\/\/etiudaandanima.pl\/wp-content\/uploads\/2021\/06\/PISF_log1pol_2021.jpg\" alt=\"PISF\" width=\"200\"><\/a><a style=\"padding: 10px;\" href=\"https:\/\/www.sfp.org.pl\/\"><img decoding=\"async\" class=\"alignnone size-full wp-image-14660\" src=\"http:\/\/etiudaandanima.pl\/wp-content\/uploads\/2019\/11\/sfp_logo.jpg\" alt=\"SFP\" width=\"200\"><\/a><\/p>\n\n<hr>\n<p>&nbsp;<\/p>\n<p style=\"text-align: center;\">PARTNERS<\/p>\n<p style=\"text-align: center;\"><a style=\"padding: 10px;\" href=\"https:\/\/www.asp.krakow.pl\/\"><img decoding=\"async\" class=\"alignnone wp-image-11203\" style=\"padding: 10px 0px;\" src=\"https:\/\/etiudaandanima.pl\/wp-content\/uploads\/2024\/10\/ASP_Logo_podstawowe_nowe.jpg\" alt=\"akademia sztuk pi\u0119knych\" width=\"200\"><\/a><a style=\"padding: 10px;\" href=\"https:\/\/iiccracovia.esteri.it\/pl\/\"><img decoding=\"async\" class=\"alignnone wp-image-11203\" style=\"padding: 10px 0px;\" src=\"https:\/\/etiudaandanima.pl\/wp-content\/uploads\/2021\/10\/IIC.jpg\" alt=\"Istituto Italiano di Cultura di Cracovia\" width=\"200\"><\/a><a style=\"padding: 10px;\" href=\"http:\/\/www.austria.org.pl\/NEW\/PL\/index.php\"><img decoding=\"async\" class=\"alignnone wp-image-11203\" style=\"padding: 10px 0px;\" src=\"https:\/\/etiudaandanima.pl\/wp-content\/uploads\/2025\/09\/Austriackie-Forum-Kultury-60lat.jpg\" alt=\"austriackie forum kultury\" width=\"200\"><\/a><a style=\"padding: 10px;\" href=\"https:\/\/kbf.krakow.pl\/aktywnosci-articles\/apteka-designu\/\"><img decoding=\"async\" class=\"alignnone wp-image-11203\" style=\"padding: 10px 0px;\" src=\"https:\/\/etiudaandanima.pl\/wp-content\/uploads\/2024\/09\/Apteka-Designu-LOGO.jpg\" alt=\"apteka designu\" width=\"200\"><\/a><a style=\"padding: 10px;\" href=\"https:\/\/www.kinoparadox.pl\/\"><img decoding=\"async\" class=\"alignnone wp-image-11203\" style=\"padding: 10px 0px;\" src=\"https:\/\/etiudaandanima.pl\/wp-content\/uploads\/2023\/11\/paradox-logo.jpg\" alt=\"kino paradox\" width=\"200\"><\/a><a style=\"padding: 10px;\" href=\"http:\/\/www.kinoagrafka.pl\/\"><img decoding=\"async\" class=\"alignnone wp-image-9653\" style=\"padding: 10px 0px;\" src=\"https:\/\/etiudaandanima.pl\/wp-content\/uploads\/2023\/11\/kino_agrafka_logo.jpg\" alt=\"Kino Agrafka\" width=\"200\"><\/a><a style=\"padding: 10px;\" href=\"https:\/\/www.kpt.krakow.pl\/\"><img decoding=\"async\" class=\"alignnone wp-image-9653\" style=\"padding: 10px 0px;\" src=\"https:\/\/etiudaandanima.pl\/wp-content\/uploads\/2017\/10\/logo_krakowski_park_tech.jpg\" alt=\"Krakowski park technologiczny\" width=\"200\"><\/a><a style=\"padding: 10px;\" href=\"https:\/\/zef.org.pl\/\"><img decoding=\"async\" class=\"alignnone wp-image-9653\" style=\"padding: 10px 0px;\" src=\"https:\/\/etiudaandanima.pl\/wp-content\/uploads\/2025\/09\/Zespol-Edukatorow-Filmowych.jpg\" alt=\"Zesp\u00f3\u0142 Edukator\u00f3w Filmowych\" width=\"200\"><\/a><a style=\"padding: 10px;\" href=\"https:\/\/taff.fi\/\"><img decoding=\"async\" class=\"alignnone wp-image-9653\" style=\"padding: 10px 0px;\" src=\"https:\/\/etiudaandanima.pl\/wp-content\/uploads\/2025\/10\/Turku_animated_film_festival_logo.jpg\" alt=\"Turku animated film festival\" width=\"200\"><\/a><a style=\"padding: 10px;\" href=\"https:\/\/www.monstrafestival.com\/en\/\"><img decoding=\"async\" class=\"alignnone wp-image-9653\" style=\"padding: 10px 0px;\" src=\"https:\/\/etiudaandanima.pl\/wp-content\/uploads\/2025\/10\/monstra_logo.jpg\" alt=\"Monstra\" width=\"200\"><\/a><a style=\"padding: 10px;\" href=\"https:\/\/www.varnafest.org\/\"><img decoding=\"async\" class=\"alignnone wp-image-9653\" style=\"padding: 10px 0px;\" src=\"https:\/\/etiudaandanima.pl\/wp-content\/uploads\/2025\/10\/wfaf_logo.jpg\" alt=\"World Festival of Animated Film Varna\" width=\"200\"><\/a><a style=\"padding: 10px;\" href=\"https:\/\/www.facebook.com\/amsel.krakow\/\"><img decoding=\"async\" class=\"alignnone wp-image-11203\" style=\"padding: 10px 0px;\" src=\"https:\/\/etiudaandanima.pl\/wp-content\/uploads\/2025\/09\/Amsel-breakfast-cafe-concept.jpg\" alt=\"Amsel breakfast cafe concept\" width=\"200\"><\/a><a style=\"padding: 10px;\" href=\"https:\/\/www.instagram.com\/immersivecafeco\/\"><img decoding=\"async\" class=\"alignnone wp-image-11203\" style=\"padding: 10px 0px;\" src=\"https:\/\/etiudaandanima.pl\/wp-content\/uploads\/2025\/09\/immersive-cafe-co.jpg\" alt=\"Immersive Cafe co\" width=\"200\"><\/a><a style=\"padding: 10px;\" href=\"https:\/\/www.lostbar.pl\/\"><img decoding=\"async\" class=\"alignnone wp-image-9650\" style=\"padding: 10px 0px;\" src=\"https:\/\/etiudaandanima.pl\/wp-content\/uploads\/2023\/11\/lostbar_logo.jpg\" alt=\"Lostbar\" width=\"200\"><\/a><a style=\"padding: 10px;\" href=\"https:\/\/sppa.pl\/\"><img decoding=\"async\" class=\"alignnone wp-image-9650\" style=\"padding: 10px 0px;\" src=\"https:\/\/etiudaandanima.pl\/wp-content\/uploads\/2021\/11\/sppa_logo_pl.jpg\" alt=\"Stowarzyszenie producent\u00f3w polskiej animacji\" width=\"200\"><\/a><a style=\"padding: 10px;\" href=\"https:\/\/animoon.pl\/\"><img decoding=\"async\" class=\"alignnone wp-image-9650\" style=\"padding: 10px 0px;\" src=\"https:\/\/etiudaandanima.pl\/wp-content\/uploads\/2017\/10\/logo_animoon.jpg\" alt=\"animoon\" width=\"200\"><\/a><a style=\"padding: 10px;\" href=\"https:\/\/siodmyzmysl.org\/\"><img decoding=\"async\" class=\"alignnone wp-image-9653\" style=\"padding: 10px 0px;\" src=\"https:\/\/etiudaandanima.pl\/wp-content\/uploads\/2022\/11\/fundacja_si\u00f3dmy_zmys\u0142_logo.jpg\" alt=\"fundacja si\u00f3dmy zmys\u0142\" width=\"200\"><\/a><a style=\"padding: 10px;\" href=\"http:\/\/www.studiokropka.pl\/\"><img decoding=\"async\" class=\"alignnone wp-image-9653\" style=\"padding: 10px 0px;\" src=\"http:\/\/etiudaandanima.pl\/wp-content\/uploads\/2020\/11\/kropka-logo-2020.jpg\" alt=\"kropka\" width=\"200\"><\/a><a style=\"padding: 10px;\" href=\"https:\/\/www.agh.edu.pl\/\"><img decoding=\"async\" class=\"alignnone size-full wp-image-14649\" src=\"http:\/\/etiudaandanima.pl\/wp-content\/uploads\/2012\/10\/agh_znk_wbr_rgb_150ppi.jpg\" alt=\"\" width=\"200\"><\/a><a style=\"padding: 10px;\" href=\"http:\/\/wh.agh.edu.pl\/\"><img decoding=\"async\" class=\"alignnone wp-image-9640\" style=\"padding: 10px 0px;\" src=\"http:\/\/etiudaandanima.pl\/wp-content\/uploads\/2012\/10\/WH-AGH-318x131.jpg\" alt=\"WH AGH\" width=\"200\" srcset=\"https:\/\/etiudaandanima.pl\/wp-content\/uploads\/2012\/10\/WH-AGH-318x131.jpg 318w, https:\/\/etiudaandanima.pl\/wp-content\/uploads\/2012\/10\/WH-AGH-150x62.jpg 150w, https:\/\/etiudaandanima.pl\/wp-content\/uploads\/2012\/10\/WH-AGH.jpg 450w\" sizes=\"(max-width: 318px) 100vw, 318px\" \/><\/a><a style=\"padding: 10px;\" href=\"https:\/\/allinuj.com\/\"><img decoding=\"async\" class=\"alignnone wp-image-11168\" style=\"padding: 10px 0px;\" src=\"https:\/\/etiudaandanima.pl\/wp-content\/uploads\/2025\/10\/All-in-UJ.jpg\" alt=\"All in UJ\" width=\"200\"><\/a><a style=\"padding: 10px;\" href=\"https:\/\/www.team4set.pl\/\"><img decoding=\"async\" class=\"alignnone wp-image-11168\" style=\"padding: 10px 0px;\" src=\"https:\/\/etiudaandanima.pl\/wp-content\/uploads\/2025\/09\/team4set.jpg\" alt=\"team4set\" width=\"200\"><\/a><a style=\"padding: 10px;\" href=\"http:\/\/www.pfdkf.pl\/\"><img decoding=\"async\" class=\"alignnone wp-image-9650\" style=\"padding: 10px 0px;\" src=\"http:\/\/etiudaandanima.pl\/wp-content\/uploads\/2019\/11\/PFDKF-LOGO.jpg\" width=\"200\"><\/a><a style=\"padding: 10px;\" href=\"https:\/\/www.bilety24.pl\/\"><img decoding=\"async\" class=\"alignnone wp-image-9670\" style=\"padding: 10px 0px;\" src=\"http:\/\/etiudaandanima.pl\/wp-content\/uploads\/2017\/10\/logo_bilety24.jpg\" alt=\"Bilety 24\" width=\"200\"><\/a><a style=\"padding: 10px;\" href=\"https:\/\/www.instagram.com\/lomi.films.studio\/?hl=ar\"><img decoding=\"async\" class=\"alignnone wp-image-9670\" style=\"padding: 10px 0px;\" src=\"https:\/\/etiudaandanima.pl\/wp-content\/uploads\/2025\/10\/lomi_films_studio_logo.jpg\" alt=\"Lomi films studio\" width=\"200\"><\/a><a style=\"padding: 10px;\" href=\"https:\/\/spiceforspace.pl\/\"><img decoding=\"async\" class=\"alignnone wp-image-9670\" style=\"padding: 10px 0px;\" src=\"https:\/\/etiudaandanima.pl\/wp-content\/uploads\/2025\/10\/spice_for_space_logo.jpg\" alt=\"Spice for space\" width=\"200\"><\/a><\/p>\n","protected":false},"excerpt":{"rendered":"<p>&nbsp; CO-FUNDED FROM THE FUNDSMinister of Culture and National Heritage from the Culture Promotion Fund &nbsp; PROJECT REALIZED WITH THE FINANCIAL SUPPORT OF THEThe City of Krakow, the Polish Film Institute, the Polish Filmmakers Association &nbsp; PARTNERS<\/p>\n","protected":false},"author":14,"featured_media":0,"parent":317,"menu_order":0,"comment_status":"closed","ping_status":"closed","template":"","meta":{"_acf_changed":false,"footnotes":""},"class_list":["post-1784","page","type-page","status-publish","hentry"],"acf":[],"_links":{"self":[{"href":"https:\/\/etiudaandanima.pl\/en\/wp-json\/wp\/v2\/pages\/1784","targetHints":{"allow":["GET"]}}],"collection":[{"href":"https:\/\/etiudaandanima.pl\/en\/wp-json\/wp\/v2\/pages"}],"about":[{"href":"https:\/\/etiudaandanima.pl\/en\/wp-json\/wp\/v2\/types\/page"}],"author":[{"embeddable":true,"href":"https:\/\/etiudaandanima.pl\/en\/wp-json\/wp\/v2\/users\/14"}],"replies":[{"embeddable":true,"href":"https:\/\/etiudaandanima.pl\/en\/wp-json\/wp\/v2\/comments?post=1784"}],"version-history":[{"count":62,"href":"https:\/\/etiudaandanima.pl\/en\/wp-json\/wp\/v2\/pages\/1784\/revisions"}],"predecessor-version":[{"id":29733,"href":"https:\/\/etiudaandanima.pl\/en\/wp-json\/wp\/v2\/pages\/1784\/revisions\/29733"}],"up":[{"embeddable":true,"href":"https:\/\/etiudaandanima.pl\/en\/wp-json\/wp\/v2\/pages\/317"}],"wp:attachment":[{"href":"https:\/\/etiudaandanima.pl\/en\/wp-json\/wp\/v2\/media?parent=1784"}],"curies":[{"name":"wp","href":"https:\/\/api.w.org\/{rel}","templated":true}]}}